{"id":3488,"date":"2014-03-31T10:28:36","date_gmt":"2014-03-31T09:28:36","guid":{"rendered":"https:\/\/www.solangekowalewski.com\/?page_id=3488"},"modified":"2024-12-02T10:58:27","modified_gmt":"2024-12-02T09:58:27","slug":"legal-notices","status":"publish","type":"page","link":"https:\/\/www.solangekowalewski.com\/en\/legal-notices\/","title":{"rendered":"Legal notices"},"content":{"rendered":"<h3>Site editor &#8211; Owner<\/h3>\n<p>Solange Kowalewski &#8211; Savoie, France<\/p>\n<h3>Realisation<\/h3>\n<p>Grain de site \/ H\u00e9l\u00e8ne Lobrot &#8211; <a href=\"https:\/\/graindesite.com\/\" target=\"_blank\" rel=\"noopener\">https:\/\/graindesite.com\/<\/a><\/p>\n<h3>Web hosting<\/h3>\n<p>1&amp;1 Internet SARL \u2013 7 place de la Gare, BP 70109, 57201 Sarreguemines Cedex, France &#8211; <a title=\"1&amp;1 Internet\" href=\"http:\/\/www.1and1.fr\" target=\"_blank\" rel=\"noopener\">www.1and1.fr<\/a><\/p>\n<h3>Credits<\/h3>\n<p>Solange Kowalewski<\/p>\n<p>Le Dauphin\u00e9 Lib\u00e9r\u00e9<\/p>\n<p>&nbsp;<\/p>\n<h4>Intellectual property<\/h4>\n<p><div class=\"ozy-image-divider div-stripeleft ozy-waypoint-animate ozy-appear\"><\/div>Solange kowalewski owns the intellectual property rights or owns the rights of all the items available on the site, including text, images, graphics&#8230;<\/p>\n<p>Any reproduction, modification, publication, total or partial adaptation of elements of the site, regardless of the means or process, is prohibited without prior written authorization addressed to Solange Kowalewski via the <a href=\"https:\/\/www.solangekowalewski.com\/contact-form\/?lang=en\">contact form<\/a> on the website www. solangekowalewski.com<\/p>\n<p>Any unauthorized use of the Site or any of these materials will be deemed to constitute an infringement and prosecuted in accordance with Articles L.335-2 and following of the French Intellectual Property Code.<\/p>\n<h4>Cookies<\/h4>\n<p><div class=\"ozy-image-divider div-stripeleft ozy-waypoint-animate ozy-appear\"><\/div>The user is informed the site www.solangekowalewski.com uses cookies. A cookie is a small file, which does not allow the identification of the user, but which records information about the navigation of a computer on a site. The data obtained are intended to facilitate subsequent browsing www.solangekowalewski.com site.<\/p>\n<p>The user can delete cookies by visiting the browser options. Refusing to use a cookie may make it impossible to access certain services.<\/p>\n<h4>Management of personal data<\/h4>\n<p><div class=\"ozy-image-divider div-stripeleft ozy-waypoint-animate ozy-appear\"><\/div>The website www.solangekowalewski.com is not declared to CNIL because it does not collect personal data.<\/p>\n<h4>Governing Law and Jurisdiction<\/h4>\n<p><div class=\"ozy-image-divider div-stripeleft ozy-waypoint-animate ozy-appear\"><\/div>Any dispute in connection with use of the site www.solangekowalewski.com is subject to French law. The user and the owner of this site agree that any dispute is entirely the competence of the Chambery Commercial Court.<\/p>\n","protected":false},"excerpt":{"rendered":"<p>Site editor &#8211; Owner Solange Kowalewski &#8211; Savoie, France Realisation Grain de site \/ H\u00e9l\u00e8ne Lobrot &#8211; https:\/\/graindesite.com\/ Web hosting 1&amp;1 Internet SARL \u2013 7 place de la Gare, BP [&hellip;]<\/p>\n","protected":false},"author":2,"featured_media":0,"parent":0,"menu_order":16,"comment_status":"open","ping_status":"open","template":"","meta":{"_seopress_robots_primary_cat":"","_seopress_titles_title":"Legal notices of the website Solange Kowalewski | %%sitetitle%%","_seopress_titles_desc":"Legal notices of the website Solange Kowalewski, visual artist in Aix-les-Bains in France (painting, prints, drawings, and photography)","_seopress_robots_index":"","footnotes":""},"class_list":["post-3488","page","type-page","status-publish","hentry"],"_links":{"self":[{"href":"https:\/\/www.solangekowalewski.com\/en\/wp-json\/wp\/v2\/pages\/3488","targetHints":{"allow":["GET"]}}],"collection":[{"href":"https:\/\/www.solangekowalewski.com\/en\/wp-json\/wp\/v2\/pages"}],"about":[{"href":"https:\/\/www.solangekowalewski.com\/en\/wp-json\/wp\/v2\/types\/page"}],"author":[{"embeddable":true,"href":"https:\/\/www.solangekowalewski.com\/en\/wp-json\/wp\/v2\/users\/2"}],"replies":[{"embeddable":true,"href":"https:\/\/www.solangekowalewski.com\/en\/wp-json\/wp\/v2\/comments?post=3488"}],"version-history":[{"count":0,"href":"https:\/\/www.solangekowalewski.com\/en\/wp-json\/wp\/v2\/pages\/3488\/revisions"}],"wp:attachment":[{"href":"https:\/\/www.solangekowalewski.com\/en\/wp-json\/wp\/v2\/media?parent=3488"}],"curies":[{"name":"wp","href":"https:\/\/api.w.org\/{rel}","templated":true}]}}